{"id":2796,"date":"2020-10-20T12:17:33","date_gmt":"2020-10-20T10:17:33","guid":{"rendered":"https:\/\/sitgespark.com\/politica-de-cookies\/"},"modified":"2020-10-20T12:17:36","modified_gmt":"2020-10-20T10:17:36","slug":"politica-de-cookies","status":"publish","type":"page","link":"https:\/\/sitgespark.com\/ca\/politica-de-cookies\/","title":{"rendered":"Pol\u00edtica de Cookies"},"content":{"rendered":"<p>[et_pb_section fb_built=&#8221;1&#8243; _builder_version=&#8221;3.22&#8243;][et_pb_row _builder_version=&#8221;3.25&#8243; background_size=&#8221;initial&#8221; background_position=&#8221;top_left&#8221; background_repeat=&#8221;repeat&#8221;][et_pb_column type=&#8221;4_4&#8243; _builder_version=&#8221;3.25&#8243; custom_padding=&#8221;|||&#8221; custom_padding__hover=&#8221;|||&#8221;][et_pb_text _builder_version=&#8221;4.6.5&#8243; background_size=&#8221;initial&#8221; background_position=&#8221;top_left&#8221; background_repeat=&#8221;repeat&#8221; hover_enabled=&#8221;0&#8243; text_font=&#8221;Playfair Display||||||||&#8221; text_font_size=&#8221;18px&#8221; sticky_enabled=&#8221;0&#8243;]<\/p>\n<div id=\"clickdatos\">\n<p>En la web <a href=\"https:\/\/sitgespark.com\/?lang=ca\" target=\"_blank\" rel=\"nofollow noopener noreferrer\">https:\/\/sitgespark.com<\/a> utilitzem cookies per a facilitar la relaci\u00f3 dels visitants amb el nostre contingut i per a permetre elaborar estad\u00edstiques sobre les visitants que rebem.<\/p>\n<p>En compliment de la Directiva 2009\/136\/CE, desenvolupada en el nostre ordenament per l&#8217;apartat segon de l&#8217;article 22 de la Llei de Serveis de Societat de la Informaci\u00f3, seguint les directrius de l&#8217;Ag\u00e8ncia Espanyola de Protecci\u00f3 de Dades, procedim a informar-lo detalladament de l&#8217;\u00fas que es realitza en la nostra web.<\/p>\n<p>Es denominen cookies a uns petits arxius que es graven en el navegador utilitzat per cada visitant de la nostra web perqu\u00e8 el servidor pugui recordar la visita d&#8217;aquest usuari amb posterioritat quan torni a accedir als nostres continguts. Aquesta informaci\u00f3 no revela la seva identitat, ni cap dada personal, ni accedeix al contingut emmagatzemat en el seu pc, per\u00f2 si que permet al nostre sistema identificar-li a vost\u00e8 com un usuari determinat que ja va visitar la web amb anterioritat, va visualitzar determinades p\u00e0gines, etc. i a m\u00e9s permet guardar les seves prefer\u00e8ncies personals i informaci\u00f3 t\u00e8cnica com per exemple les visites realitzades o p\u00e0gines concretes que visiti.<\/p>\n<p>La finalitat de les cookies \u00e9s la de facilitar a l&#8217;Usuari un acc\u00e9s m\u00e9s r\u00e0pid als Serveis seleccionats.<\/p>\n<p>Si no desitja que es guardin cookies en el seu navegador o prefereix rebre una informaci\u00f3 cada vegada que una cookie sol\u00b7liciti instal\u00b7lar-se, pot configurar les seves opcions de navegaci\u00f3 perqu\u00e8 es faci d&#8217;aquesta forma. La major part dels navegadors permeten la gesti\u00f3 de les cookies de 3 formes diferents:<\/p>\n<ul>\n<li>Les cookies s\u00f3n sempre rebutjades;<\/li>\n<li>El navegador pregunta si l&#8217;usuari desitja instal\u00b7lar cada cookie;<\/li>\n<li>Les cookies s\u00f3n sempre acceptades;<\/li>\n<\/ul>\n<p>El seu navegador tamb\u00e9 pot incloure la possibilitat de seleccionar amb detall les cookies que desitja que s&#8217;instal\u00b7lin en el seu ordinador. En concret, l&#8217;usuari pot normalment acceptar alguna de les seg\u00fcents opcions:<\/p>\n<ul>\n<li>rebutjar les cookies de determinats dominis;<\/li>\n<li>rebutjar les cookies de tercers;<\/li>\n<li>acceptar cookies com no persistents (s&#8217;eliminen quan el navegador es tanca);<\/li>\n<li>permetre al servidor crear cookies per a un domini diferent.<\/li>\n<\/ul>\n<p><strong>Per a permetre, con\u00e8ixer, bloquejar o eliminar les cookies instal\u00b7lades en el seu equip pot fer-ho mitjan\u00e7ant la configuraci\u00f3 de les opcions del navegador instal\u00b7lat en el seu ordinador.<\/strong><\/p>\n<p>Pot trobar informaci\u00f3 sobre com configurar els navegadors m\u00e9s usats en les seg\u00fcents ubicacions:<\/p>\n<ul>\n<li><strong>Internet Explorer:<\/strong> Eines &#8211; &gt;  Opcions d&#8217;Internet &#8211; &gt; Privacitat -&gt; Configuraci\u00f3. Para m\u00e1s informaci\u00f3n, puede consultar el <a href=\"http:\/\/windows.microsoft.com\/es-ES\/windows\/support\" target=\"_blank\" rel=\"nofollow noopener noreferrer\">soporte de Microsoft<\/a> o la Ayuda del navegador.<\/li>\n<li><strong>Firefox<\/strong>: Herramientas -&gt; Opciones -&gt; Privacidad -&gt; Historial -&gt; Configuraci\u00f3n Personalizada. Para m\u00e1s informaci\u00f3n, puede consultar el <a href=\"http:\/\/support.mozilla.org\/es\/home\" target=\"_blank\" rel=\"nofollow noopener noreferrer\">soporte de Mozilla<\/a> o la Ayuda del navegador.<\/li>\n<li><strong>Chrome<\/strong>: Configuraci\u00f3n -&gt; Mostrar opciones avanzadas -&gt; Privacidad -&gt; Configuraci\u00f3n de contenido. Para m\u00e1s informaci\u00f3n, puede consultar el <a href=\"http:\/\/support.google.com\/chrome\/?hl=es\" target=\"_blank\" rel=\"nofollow noopener noreferrer\">soporte de Google<\/a> o la Ayuda del navegador.<\/li>\n<li><strong>Safari<\/strong>: Preferencias -&gt; Seguridad. Para m\u00e1s informaci\u00f3n, puede consultar el <a href=\"http:\/\/www.apple.com\/es\/support\/safari\/\" target=\"_blank\" rel=\"nofollow noopener noreferrer\">soporte de Apple<\/a> o la Ayuda del navegador.<\/li>\n<\/ul>\n<p>Respecte de les cookies de tercers, \u00e9s a dir aquelles que s\u00f3n alienes al nostre lloc web, no podem fer-nos responsables del contingut i veracitat de les pol\u00edtiques de privacitat que ells inclouen pel que la informaci\u00f3 que li oferim \u00e9s sempre amb refer\u00e8ncia a la font.<\/p>\n<p>A continuaci\u00f3 l&#8217;informem detalladament de les cookies que poden instal\u00b7lar-se des del nostre lloc web. En funci\u00f3 de la seva navegaci\u00f3 podran instal\u00b7lar-se totes o nom\u00e9s algunes d&#8217;elles.<\/p>\n<p>&nbsp;<\/p>\n<div id=\"listadodecookies\">\n<table style=\"border: 1px solid black\">\n<tbody>\n<tr align=\"center\">\n<td style=\"border: 1px solid black\">Nom<\/td>\n<td style=\"border: 1px solid black\">Categoria<\/td>\n<td style=\"border: 1px solid black\">Descripci\u00f3n<\/td>\n<td style=\"border: 1px solid black\">Propiedad<\/td>\n<td style=\"border: 1px solid black\">Duraci\u00f3n<\/td>\n<\/tr>\n<tr id=\"wordpress_\" align=\"center\">\n<td style=\"border: 1px solid black\">wordpress_<\/td>\n<td style=\"border: 1px solid black\">Funcionalidad<\/td>\n<td style=\"border: 1px solid black\">Se activa durante el login y guarda los detalles de autentificaci\u00f3n.<\/td>\n<td style=\"border: 1px solid black\">Propia<\/td>\n<td style=\"border: 1px solid black\">1 a\u00f1o<\/td>\n<\/tr>\n<tr id=\"wordpress_logged_in_\" align=\"center\">\n<td style=\"border: 1px solid black\">wordpress_logged_in_<\/td>\n<td style=\"border: 1px solid black\">Funcionalidad<\/td>\n<td style=\"border: 1px solid black\">Se activa durante el login y guarda los detalles de autentificaci\u00f3n.<\/td>\n<td style=\"border: 1px solid black\">Propia<\/td>\n<td style=\"border: 1px solid black\">1 a\u00f1o<\/td>\n<\/tr>\n<tr id=\"wordpress_test_cookie\" align=\"center\">\n<td style=\"border: 1px solid black\">wordpress_test_cookie<\/td>\n<td style=\"border: 1px solid black\">Funcionalidad<\/td>\n<td style=\"border: 1px solid black\">Se activa durante el login y guarda los detalles de autentificaci\u00f3n.<\/td>\n<td style=\"border: 1px solid black\">Propia<\/td>\n<td style=\"border: 1px solid black\">1 a\u00f1o<\/td>\n<\/tr>\n<tr id=\"wp-settings-\" align=\"center\">\n<td style=\"border: 1px solid black\">wp-settings-<\/td>\n<td style=\"border: 1px solid black\">Funcionalidad<\/td>\n<td style=\"border: 1px solid black\">Sirve para personalizar la Interfaz de Usuario.<\/td>\n<td style=\"border: 1px solid black\">Propia<\/td>\n<td style=\"border: 1px solid black\">1 a\u00f1o<\/td>\n<\/tr>\n<tr id=\"wp-settings-time-\" align=\"center\">\n<td style=\"border: 1px solid black\">wp-settings-time-<\/td>\n<td style=\"border: 1px solid black\">Funcionalidad<\/td>\n<td style=\"border: 1px solid black\">Sirve para personalizar la Interfaz de Usuario.<\/td>\n<td style=\"border: 1px solid black\">Propia<\/td>\n<td style=\"border: 1px solid black\">Finalizaci\u00f3n de la sesi\u00f3n<\/td>\n<\/tr>\n<tr id=\"pll_language\" align=\"center\">\n<td style=\"border: 1px solid black\">pll_language<\/td>\n<td style=\"border: 1px solid black\">Funcionalidad<\/td>\n<td style=\"border: 1px solid black\">Polylang es una extensi\u00f3n para hacer sitios web de WordPress multiling\u00fces.<\/td>\n<td style=\"border: 1px solid black\">Propia<\/td>\n<td style=\"border: 1px solid black\">1 a\u00f1o<\/td>\n<\/tr>\n<tr id=\"catAccCookies\" align=\"center\">\n<td style=\"border: 1px solid black\">catAccCookies<\/td>\n<td style=\"border: 1px solid black\">Funcionalidad<\/td>\n<td style=\"border: 1px solid black\">Contiene un c\u00f3digo para verificar que la pol\u00edtica de cookies ha sido aceptada.<\/td>\n<td style=\"border: 1px solid black\">Propia<\/td>\n<td style=\"border: 1px solid black\">1 d\u00eda<\/td>\n<\/tr>\n<tr id=\"wp-saving-post\" align=\"center\">\n<td style=\"border: 1px solid black\">wp-saving-post<\/td>\n<td style=\"border: 1px solid black\">Funcionalidad<\/td>\n<td style=\"border: 1px solid black\">WordPress cookie created when auto-saving a post in the editor.<\/td>\n<td style=\"border: 1px solid black\">Propia<\/td>\n<td style=\"border: 1px solid black\">1 d\u00eda<\/td>\n<\/tr>\n<tr id=\"redux_current_tab\" align=\"center\">\n<td style=\"border: 1px solid black\">redux_current_tab<\/td>\n<td style=\"border: 1px solid black\">Funcionalidad<\/td>\n<td style=\"border: 1px solid black\">Cookie de ReduxFramework<\/td>\n<td style=\"border: 1px solid black\">Propia<\/td>\n<td style=\"border: 1px solid black\">1 semana<\/td>\n<\/tr>\n<tr id=\"redux_current_tab_get\" align=\"center\">\n<td style=\"border: 1px solid black\">redux_current_tab_get<\/td>\n<td style=\"border: 1px solid black\">Funcionalidad<\/td>\n<td style=\"border: 1px solid black\">Cookie de ReduxFramework<\/td>\n<td style=\"border: 1px solid black\">Propia<\/td>\n<td style=\"border: 1px solid black\">1 semana<\/td>\n<\/tr>\n<\/tbody>\n<\/table>\n<\/div>\n<p>Se puede modificar esta Pol\u00edtica de Cookies en funci\u00f3n de exigencias legislativas, reglamentarias, o con la finalidad de adaptar dicha pol\u00edtica a las instrucciones dictadas por la Agencia Espa\u00f1ola de Protecci\u00f3n de Datos, por ello se aconseja a los Usuarios que la visiten peri\u00f3dicamente.<\/p>\n<p>Cuando se produzcan cambios significativos en esta Pol\u00edtica de Cookies, se comunicar\u00e1n a los Usuarios bien mediante la web o a trav\u00e9s de correo electr\u00f3nico a los Usuarios registrados.<\/p>\n<\/div>\n<p>[\/et_pb_text][\/et_pb_column][\/et_pb_row][\/et_pb_section][et_pb_section fb_built=&#8221;1&#8243; module_class=&#8221;medical_form&#8221; _builder_version=&#8221;3.23.3&#8243; custom_padding=&#8221;0px|0px|0px|0px&#8221; z_index_tablet=&#8221;500&#8243; custom_css_main_element=&#8221;    overflow: hidden;&#8221; box_shadow_horizontal_tablet=&#8221;0px&#8221; box_shadow_vertical_tablet=&#8221;0px&#8221; box_shadow_blur_tablet=&#8221;40px&#8221; box_shadow_spread_tablet=&#8221;0px&#8221; transparent_background=&#8221;off&#8221; padding_mobile=&#8221;on&#8221; global_module=&#8221;254&#8243;][et_pb_row column_structure=&#8221;1_2,1_2&#8243; use_custom_gutter=&#8221;on&#8221; padding_mobile=&#8221;on&#8221; make_equal=&#8221;on&#8221; column_padding_mobile=&#8221;on&#8221; module_class=&#8221; et_pb_row_fullwidth et_pb_row_fullwidth et_pb_row_fullwidth&#8221; _builder_version=&#8221;3.25&#8243; parallax=&#8221;on&#8221; width=&#8221;100%&#8221; width_tablet=&#8221;80%&#8221; width_phone=&#8221;&#8221; width_last_edited=&#8221;on|desktop&#8221; max_width=&#8221;100%&#8221; max_width_tablet=&#8221;80%&#8221; max_width_phone=&#8221;&#8221; max_width_last_edited=&#8221;on|desktop&#8221; custom_margin_last_edited=&#8221;off|desktop&#8221; custom_padding=&#8221;0px|0px|0px|0px&#8221; make_fullwidth=&#8221;on&#8221;][et_pb_column type=&#8221;1_2&#8243; _builder_version=&#8221;3.25&#8243; background_image=&#8221;https:\/\/sitgespark.com\/wp-content\/uploads\/2019\/05\/doctor3.jpg&#8221; parallax=&#8221;on&#8221; custom_padding=&#8221;6vw|4vw|6vw|4vw&#8221; custom_css_main_element=&#8221; width: 50% !important;|| margin-right: 0 !important;&#8221; custom_padding__hover=&#8221;|||&#8221;][et_pb_cta admin_label=&#8221;Contact&#8221; _builder_version=&#8221;3.22.1&#8243; header_font=&#8221;Playfair Display||||&#8221; header_text_color=&#8221;#ffffff&#8221; header_font_size=&#8221;30&#8243; body_font=&#8221;Open Sans||||&#8221; body_text_color=&#8221;#ffffff&#8221; body_font_size=&#8221;18&#8243; body_line_height=&#8221;1.8em&#8221; use_background_color=&#8221;off&#8221; background_size=&#8221;initial&#8221; background_position=&#8221;top_left&#8221; background_repeat=&#8221;repeat&#8221; text_orientation=&#8221;left&#8221; header_font_size_tablet=&#8221;26&#8243; header_font_size_phone=&#8221;22&#8243; header_font_size_last_edited=&#8221;on|phone&#8221; z_index_tablet=&#8221;500&#8243; use_border_color=&#8221;off&#8221; border_color=&#8221;#ffffff&#8221; border_style=&#8221;solid&#8221; button_letter_spacing_hover=&#8221;0&#8243; button_text_size__hover_enabled=&#8221;off&#8221; button_text_size__hover=&#8221;null&#8221; button_one_text_size__hover_enabled=&#8221;off&#8221; button_one_text_size__hover=&#8221;null&#8221; button_two_text_size__hover_enabled=&#8221;off&#8221; button_two_text_size__hover=&#8221;null&#8221; button_text_color__hover_enabled=&#8221;off&#8221; button_text_color__hover=&#8221;null&#8221; button_one_text_color__hover_enabled=&#8221;off&#8221; button_one_text_color__hover=&#8221;null&#8221; button_two_text_color__hover_enabled=&#8221;off&#8221; button_two_text_color__hover=&#8221;null&#8221; button_border_width__hover_enabled=&#8221;off&#8221; button_border_width__hover=&#8221;null&#8221; button_one_border_width__hover_enabled=&#8221;off&#8221; button_one_border_width__hover=&#8221;null&#8221; button_two_border_width__hover_enabled=&#8221;off&#8221; button_two_border_width__hover=&#8221;null&#8221; button_border_color__hover_enabled=&#8221;off&#8221; button_border_color__hover=&#8221;null&#8221; button_one_border_color__hover_enabled=&#8221;off&#8221; button_one_border_color__hover=&#8221;null&#8221; button_two_border_color__hover_enabled=&#8221;off&#8221; button_two_border_color__hover=&#8221;null&#8221; button_border_radius__hover_enabled=&#8221;off&#8221; button_border_radius__hover=&#8221;null&#8221; button_one_border_radius__hover_enabled=&#8221;off&#8221; button_one_border_radius__hover=&#8221;null&#8221; button_two_border_radius__hover_enabled=&#8221;off&#8221; button_two_border_radius__hover=&#8221;null&#8221; button_letter_spacing__hover_enabled=&#8221;on&#8221; button_letter_spacing__hover=&#8221;0&#8243; button_one_letter_spacing__hover_enabled=&#8221;off&#8221; button_one_letter_spacing__hover=&#8221;null&#8221; button_two_letter_spacing__hover_enabled=&#8221;off&#8221; button_two_letter_spacing__hover=&#8221;null&#8221; button_bg_color__hover_enabled=&#8221;off&#8221; button_bg_color__hover=&#8221;null&#8221; button_one_bg_color__hover_enabled=&#8221;off&#8221; button_one_bg_color__hover=&#8221;null&#8221; button_two_bg_color__hover_enabled=&#8221;off&#8221; button_two_bg_color__hover=&#8221;null&#8221;]<\/p>\n<p>Conegui&#8217;ns<\/p>\n<h2>LA NOSTRA ADRE\u00c7A<\/h2>\n<p>C. Lola Anglada, 2 \u2022 08870 Sitges<br \/>Barcelona (Espa\u00f1a)<\/p>\n<p>Truqui&#8217;ns<\/p>\n<h2>TEL\u00c8FON<\/h2>\n<p>  +34 93 811 44 57<\/p>\n<p>Quan venir, concertar cita pr\u00e8viament<\/p>\n<h2>HORARIS<\/h2>\n<p>Dilluns a divendres: 9.00 \u2013 18.00<br \/>Dissabtes: 11.00 \u2013 17.00<\/p>\n<p>[\/et_pb_cta][\/et_pb_column][et_pb_column type=&#8221;1_2&#8243; _builder_version=&#8221;3.25&#8243; background_color=&#8221;#76607a&#8221; custom_padding=&#8221;6vw|4vw|6vw|4vw&#8221; custom_css_main_element=&#8221; width: 50% !important;|| margin-right: 0 !important;&#8221; custom_padding__hover=&#8221;|||&#8221;][et_pb_cta title=&#8221;Reservi ara&#8221; _builder_version=&#8221;3.22.1&#8243; header_font=&#8221;Playfair Display||||&#8221; header_font_size=&#8221;22&#8243; use_background_color=&#8221;off&#8221; background_size=&#8221;initial&#8221; background_position=&#8221;top_left&#8221; background_repeat=&#8221;repeat&#8221; text_orientation=&#8221;left&#8221; custom_margin=&#8221;0px||0px|&#8221; custom_padding=&#8221;0px||7px|||&#8221; header_font_size_tablet=&#8221;20&#8243; header_font_size_phone=&#8221;18&#8243; header_font_size_last_edited=&#8221;on|phone&#8221; custom_css_promo_description=&#8221; padding-bottom: 0 !important;&#8221; custom_css_promo_title=&#8221; padding-bottom: 0 !important;|| font-weight: 100;&#8221; use_border_color=&#8221;off&#8221; border_color=&#8221;#ffffff&#8221; border_style=&#8221;solid&#8221; button_letter_spacing_hover=&#8221;0&#8243; button_text_size__hover_enabled=&#8221;off&#8221; button_text_size__hover=&#8221;null&#8221; button_one_text_size__hover_enabled=&#8221;off&#8221; button_one_text_size__hover=&#8221;null&#8221; button_two_text_size__hover_enabled=&#8221;off&#8221; button_two_text_size__hover=&#8221;null&#8221; button_text_color__hover_enabled=&#8221;off&#8221; button_text_color__hover=&#8221;null&#8221; button_one_text_color__hover_enabled=&#8221;off&#8221; button_one_text_color__hover=&#8221;null&#8221; button_two_text_color__hover_enabled=&#8221;off&#8221; button_two_text_color__hover=&#8221;null&#8221; button_border_width__hover_enabled=&#8221;off&#8221; button_border_width__hover=&#8221;null&#8221; button_one_border_width__hover_enabled=&#8221;off&#8221; button_one_border_width__hover=&#8221;null&#8221; button_two_border_width__hover_enabled=&#8221;off&#8221; button_two_border_width__hover=&#8221;null&#8221; button_border_color__hover_enabled=&#8221;off&#8221; button_border_color__hover=&#8221;null&#8221; button_one_border_color__hover_enabled=&#8221;off&#8221; button_one_border_color__hover=&#8221;null&#8221; button_two_border_color__hover_enabled=&#8221;off&#8221; button_two_border_color__hover=&#8221;null&#8221; button_border_radius__hover_enabled=&#8221;off&#8221; button_border_radius__hover=&#8221;null&#8221; button_one_border_radius__hover_enabled=&#8221;off&#8221; button_one_border_radius__hover=&#8221;null&#8221; button_two_border_radius__hover_enabled=&#8221;off&#8221; button_two_border_radius__hover=&#8221;null&#8221; button_letter_spacing__hover_enabled=&#8221;on&#8221; button_letter_spacing__hover=&#8221;0&#8243; button_one_letter_spacing__hover_enabled=&#8221;off&#8221; button_one_letter_spacing__hover=&#8221;null&#8221; button_two_letter_spacing__hover_enabled=&#8221;off&#8221; button_two_letter_spacing__hover=&#8221;null&#8221; button_bg_color__hover_enabled=&#8221;off&#8221; button_bg_color__hover=&#8221;null&#8221; button_one_bg_color__hover_enabled=&#8221;off&#8221; button_one_bg_color__hover=&#8221;null&#8221; button_two_bg_color__hover_enabled=&#8221;off&#8221; button_two_bg_color__hover=&#8221;null&#8221;][\/et_pb_cta][et_pb_contact_form use_spam_service=&#8221;on&#8221; recaptcha_list=&#8221;add_new_account&#8221; recaptcha_account_name=&#8221;sitgespark&#8221; recaptcha_site_key=&#8221;6LfWw9UZAAAAADN-I7Qc-r0iYOrBOQH5gVF4Z5Al&#8221; recaptcha_secret_key=&#8221;6LfWw9UZAAAAACIQaVCeWizPi1nsDaIMz8flvlkY&#8221; email=&#8221;info@residenciasitgespark.com&#8221; title=&#8221;La seva visita&#8221; use_redirect=&#8221;on&#8221; redirect_url=&#8221;\/gracias\/&#8221; success_message=&#8221;Missatge enviat&#8221; _builder_version=&#8221;4.6.5&#8243; form_field_text_color=&#8221;#545454&#8243; title_font=&#8221;Playfair Display||||&#8221; title_text_color=&#8221;#ffffff&#8221; title_font_size=&#8221;30&#8243; form_field_font=&#8221;Open Sans||||&#8221; form_field_font_size=&#8221;16&#8243; custom_button=&#8221;on&#8221; button_text_color=&#8221;#ffffff&#8221; button_bg_color=&#8221;#eb797a&#8221; button_border_width=&#8221;0&#8243; button_border_radius=&#8221;0&#8243; button_use_icon=&#8221;off&#8221; title_font_size_tablet=&#8221;26&#8243; title_font_size_phone=&#8221;24&#8243; title_font_size_last_edited=&#8221;on|phone&#8221; z_index_tablet=&#8221;500&#8243; custom_css_contact_button=&#8221;width: 100% !important;|| margin-left: 0;&#8221; border_radii=&#8221;on|0px|0px|0px|0px&#8221; use_border_color=&#8221;off&#8221; border_color=&#8221;#ffffff&#8221; border_style=&#8221;solid&#8221; input_border_radius=&#8221;0&#8243; button_letter_spacing_hover=&#8221;0&#8243;][et_pb_contact_field field_id=&#8221;Nombre&#8221; field_title=&#8221;Nom&#8221; fullwidth_field=&#8221;on&#8221; _builder_version=&#8221;3.22.1&#8243; form_field_font=&#8221;||||&#8221; use_border_color=&#8221;off&#8221; border_style=&#8221;solid&#8221; button_text_size__hover_enabled=&#8221;off&#8221; button_one_text_size__hover_enabled=&#8221;off&#8221; button_two_text_size__hover_enabled=&#8221;off&#8221; button_text_color__hover_enabled=&#8221;off&#8221; button_one_text_color__hover_enabled=&#8221;off&#8221; button_two_text_color__hover_enabled=&#8221;off&#8221; button_border_width__hover_enabled=&#8221;off&#8221; button_one_border_width__hover_enabled=&#8221;off&#8221; button_two_border_width__hover_enabled=&#8221;off&#8221; button_border_color__hover_enabled=&#8221;off&#8221; button_one_border_color__hover_enabled=&#8221;off&#8221; button_two_border_color__hover_enabled=&#8221;off&#8221; button_border_radius__hover_enabled=&#8221;off&#8221; button_one_border_radius__hover_enabled=&#8221;off&#8221; button_two_border_radius__hover_enabled=&#8221;off&#8221; button_letter_spacing__hover_enabled=&#8221;off&#8221; button_one_letter_spacing__hover_enabled=&#8221;off&#8221; button_two_letter_spacing__hover_enabled=&#8221;off&#8221; button_bg_color__hover_enabled=&#8221;off&#8221; button_one_bg_color__hover_enabled=&#8221;off&#8221; button_two_bg_color__hover_enabled=&#8221;off&#8221;][\/et_pb_contact_field][et_pb_contact_field field_id=&#8221;Email&#8221; field_title=&#8221;Email &#8221; field_type=&#8221;email&#8221; fullwidth_field=&#8221;on&#8221; _builder_version=&#8221;3.22.1&#8243; form_field_font=&#8221;||||&#8221; use_border_color=&#8221;off&#8221; border_style=&#8221;solid&#8221; button_text_size__hover_enabled=&#8221;off&#8221; button_one_text_size__hover_enabled=&#8221;off&#8221; button_two_text_size__hover_enabled=&#8221;off&#8221; button_text_color__hover_enabled=&#8221;off&#8221; button_one_text_color__hover_enabled=&#8221;off&#8221; button_two_text_color__hover_enabled=&#8221;off&#8221; button_border_width__hover_enabled=&#8221;off&#8221; button_one_border_width__hover_enabled=&#8221;off&#8221; button_two_border_width__hover_enabled=&#8221;off&#8221; button_border_color__hover_enabled=&#8221;off&#8221; button_one_border_color__hover_enabled=&#8221;off&#8221; button_two_border_color__hover_enabled=&#8221;off&#8221; button_border_radius__hover_enabled=&#8221;off&#8221; button_one_border_radius__hover_enabled=&#8221;off&#8221; button_two_border_radius__hover_enabled=&#8221;off&#8221; button_letter_spacing__hover_enabled=&#8221;off&#8221; button_one_letter_spacing__hover_enabled=&#8221;off&#8221; button_two_letter_spacing__hover_enabled=&#8221;off&#8221; button_bg_color__hover_enabled=&#8221;off&#8221; button_one_bg_color__hover_enabled=&#8221;off&#8221; button_two_bg_color__hover_enabled=&#8221;off&#8221;][\/et_pb_contact_field][et_pb_contact_field field_id=&#8221;Mensaje&#8221; field_title=&#8221;Missatge&#8221; field_type=&#8221;text&#8221; fullwidth_field=&#8221;on&#8221; _builder_version=&#8221;3.22.1&#8243; form_field_font=&#8221;||||||||&#8221; button_text_size__hover_enabled=&#8221;off&#8221; button_one_text_size__hover_enabled=&#8221;off&#8221; button_two_text_size__hover_enabled=&#8221;off&#8221; button_text_color__hover_enabled=&#8221;off&#8221; button_one_text_color__hover_enabled=&#8221;off&#8221; button_two_text_color__hover_enabled=&#8221;off&#8221; button_border_width__hover_enabled=&#8221;off&#8221; button_one_border_width__hover_enabled=&#8221;off&#8221; button_two_border_width__hover_enabled=&#8221;off&#8221; button_border_color__hover_enabled=&#8221;off&#8221; button_one_border_color__hover_enabled=&#8221;off&#8221; button_two_border_color__hover_enabled=&#8221;off&#8221; button_border_radius__hover_enabled=&#8221;off&#8221; button_one_border_radius__hover_enabled=&#8221;off&#8221; button_two_border_radius__hover_enabled=&#8221;off&#8221; button_letter_spacing__hover_enabled=&#8221;off&#8221; button_one_letter_spacing__hover_enabled=&#8221;off&#8221; button_two_letter_spacing__hover_enabled=&#8221;off&#8221; button_bg_color__hover_enabled=&#8221;off&#8221; button_one_bg_color__hover_enabled=&#8221;off&#8221; button_two_bg_color__hover_enabled=&#8221;off&#8221;][\/et_pb_contact_field][et_pb_contact_field field_id=&#8221;Field_4&#8243; field_title=&#8221; &#8221; field_type=&#8221;checkbox&#8221; checkbox_options=&#8221;%91{%22value%22:%22He llegit i accepto la pol\u00edtica de privacitat%22,%22checked%22:0,%22dragID%22:-1}%93&#8243; fullwidth_field=&#8221;on&#8221; _builder_version=&#8221;3.23.3&#8243; form_field_text_color=&#8221;#ffffff&#8221; form_field_focus_background_color=&#8221;#ffffff&#8221; form_field_font=&#8221;Lato||||||||&#8221;][\/et_pb_contact_field][\/et_pb_contact_form][\/et_pb_column][\/et_pb_row][\/et_pb_section]<\/p>\n","protected":false},"excerpt":{"rendered":"<p>En la web https:\/\/sitgespark.com utilitzem cookies per a facilitar la relaci\u00f3 dels visitants amb el nostre contingut i per a permetre elaborar estad\u00edstiques sobre les visitants que rebem. En compliment de la Directiva 2009\/136\/CE, desenvolupada en el nostre ordenament per l&#8217;apartat segon de l&#8217;article 22 de la Llei de Serveis de Societat de la Informaci\u00f3, [&hellip;]<\/p>\n","protected":false},"author":1,"featured_media":0,"parent":0,"menu_order":0,"comment_status":"closed","ping_status":"closed","template":"","meta":{"_et_pb_use_builder":"on","_et_pb_old_content":"","_et_gb_content_width":"","footnotes":""},"dipi_cpt_category":[],"class_list":["post-2796","page","type-page","status-publish","hentry"],"_links":{"self":[{"href":"https:\/\/sitgespark.com\/ca\/wp-json\/wp\/v2\/pages\/2796","targetHints":{"allow":["GET"]}}],"collection":[{"href":"https:\/\/sitgespark.com\/ca\/wp-json\/wp\/v2\/pages"}],"about":[{"href":"https:\/\/sitgespark.com\/ca\/wp-json\/wp\/v2\/types\/page"}],"author":[{"embeddable":true,"href":"https:\/\/sitgespark.com\/ca\/wp-json\/wp\/v2\/users\/1"}],"replies":[{"embeddable":true,"href":"https:\/\/sitgespark.com\/ca\/wp-json\/wp\/v2\/comments?post=2796"}],"version-history":[{"count":0,"href":"https:\/\/sitgespark.com\/ca\/wp-json\/wp\/v2\/pages\/2796\/revisions"}],"wp:attachment":[{"href":"https:\/\/sitgespark.com\/ca\/wp-json\/wp\/v2\/media?parent=2796"}],"wp:term":[{"taxonomy":"dipi_cpt_category","embeddable":true,"href":"https:\/\/sitgespark.com\/ca\/wp-json\/wp\/v2\/dipi_cpt_category?post=2796"}],"curies":[{"name":"wp","href":"https:\/\/api.w.org\/{rel}","templated":true}]}}